{"id":8,"date":"2024-09-19T09:00:37","date_gmt":"2024-09-19T09:00:37","guid":{"rendered":"https:\/\/www.stagekisa.fi\/?page_id=8"},"modified":"2026-01-08T07:38:38","modified_gmt":"2026-01-08T07:38:38","slug":"8-2","status":"publish","type":"page","link":"https:\/\/www.stagekisa.fi\/","title":{"rendered":"Stage 26-b\u00e4ndikisa"},"content":{"rendered":"<div id=\"pl-8\"  class=\"panel-layout\" ><div id=\"pg-8-0\"  class=\"panel-grid panel-has-style panel-has-overlay\" ><div class=\"siteorigin-panels-stretch panel-row-style panel-row-style-for-8-0\" data-stretch-type=\"full-width-stretch\" >\t\t\t\t<div\n\t\t\t\t\tclass=\"panel-background-overlay\"\n\t\t\t\t\t\t\t\t\t\t\tstyle=\"\n\t\t\t\t\t\tbackground-color:#432b6f;background-image:url(https:\/\/www.stagekisa.fi\/wp-content\/uploads\/2025\/11\/Stage26Tausta@2x-100-scaled.jpg);background-position:center center;background-size:cover;opacity:0.48;\t\t\t\t\t\t\"\n\t\t\t\t\t\t\t\t\t>\n\t\t\t\t\t\t\t\t\t<\/div>\n\t\t\t\t<div id=\"pgc-8-0-0\"  class=\"panel-grid-cell\" ><div id=\"panel-8-0-0-0\" class=\"so-panel widget widget_sow-image panel-first-child panel-last-child\" data-index=\"0\" ><div class=\"panel-widget-style panel-widget-style-for-8-0-0-0\" ><div\n\t\t\t\n\t\t\tclass=\"so-widget-sow-image so-widget-sow-image-default-1b8513c5f0f2-8\"\n\t\t\t\n\t\t>\n\n<div class=\"sow-image-container\">\n\t\t<img loading=\"lazy\" decoding=\"async\" src=\"https:\/\/www.stagekisa.fi\/wp-content\/uploads\/2025\/08\/Stage26_Logo-768x458.png\" width=\"600\" height=\"358\" srcset=\"https:\/\/www.stagekisa.fi\/wp-content\/uploads\/2025\/08\/Stage26_Logo-768x458.png 768w, https:\/\/www.stagekisa.fi\/wp-content\/uploads\/2025\/08\/Stage26_Logo-300x179.png 300w, https:\/\/www.stagekisa.fi\/wp-content\/uploads\/2025\/08\/Stage26_Logo-1024x611.png 1024w, https:\/\/www.stagekisa.fi\/wp-content\/uploads\/2025\/08\/Stage26_Logo-1536x916.png 1536w, https:\/\/www.stagekisa.fi\/wp-content\/uploads\/2025\/08\/Stage26_Logo-2048x1222.png 2048w\" sizes=\"auto, (max-width: 600px) 100vw, 600px\" style=\"width: 600px; height: 358px;\" title=\"Stage26_Logo\" alt=\"\" \t\tclass=\"so-widget-image\"\/>\n\t<\/div>\n\n<\/div><\/div><\/div><\/div><\/div><\/div><div id=\"pg-8-1\"  class=\"panel-grid panel-has-style panel-has-overlay\" ><div class=\"siteorigin-panels-stretch panel-row-style panel-row-style-for-8-1\" data-stretch-type=\"full-width-stretch\" >\t\t\t\t<div\n\t\t\t\t\tclass=\"panel-background-overlay\"\n\t\t\t\t\t\t\t\t\t\t\tstyle=\"\n\t\t\t\t\t\tbackground-color:#5b0c8c;background-image:url(https:\/\/www.stagekisa.fi\/wp-content\/uploads\/2025\/11\/Screenshot-2025-11-24-at-13.59.49.png);background-position:center center;background-size:cover;opacity:0.26;\t\t\t\t\t\t\"\n\t\t\t\t\t\t\t\t\t>\n\t\t\t\t\t\t\t\t\t<\/div>\n\t\t\t\t<div id=\"pgc-8-1-0\"  class=\"panel-grid-cell panel-grid-cell-empty\" ><\/div><div id=\"pgc-8-1-1\"  class=\"panel-grid-cell panel-grid-cell-mobile-last\" ><div id=\"panel-8-1-1-0\" class=\"so-panel widget widget_sow-editor panel-first-child panel-last-child\" data-index=\"1\" ><div class=\"info panel-widget-style panel-widget-style-for-8-1-1-0\" ><div\n\t\t\t\n\t\t\tclass=\"so-widget-sow-editor so-widget-sow-editor-base\"\n\t\t\t\n\t\t>\n<div class=\"siteorigin-widget-tinymce textwidget\">\n\t<h2><strong>STAGE 26<\/strong> on Kymenlaakson yl\u00e4kouluik\u00e4isille tarkoitettu b\u00e4ndikisa, jonka finaali j\u00e4rjestet\u00e4\u00e4n Kotkan Satama Areenalla 16.5.2026.<\/h2>\n<h3>Palkinnot:<br \/>\n1. sija 1000e<br \/>\n2. sija 500e<br \/>\n3. sija 300e<\/h3>\n<h2>Osallistuminen kisaan on maksutonta.<br \/>\nPerusta b\u00e4ndi ja tule mukaan lavalle soittamaan!<\/h2>\n<h2>Tutustu kisan s\u00e4\u00e4nt\u00f6ihin <a href=\"https:\/\/www.stagekisa.fi\/wp-content\/uploads\/2025\/11\/STAGE-26_saannot_vers1.pdf\">t\u00e4st\u00e4<\/a>.<\/h2>\n<\/div>\n<\/div><\/div><\/div><\/div><div id=\"pgc-8-1-2\"  class=\"panel-grid-cell panel-grid-cell-empty\" ><\/div><\/div><\/div><div id=\"pg-8-2\"  class=\"panel-grid panel-has-style\" ><div class=\"siteorigin-panels-stretch panel-row-style panel-row-style-for-8-2\" data-stretch-type=\"full-width-stretch\" ><div id=\"pgc-8-2-0\"  class=\"panel-grid-cell\" ><div class=\"panel-cell-style panel-cell-style-for-8-2-0\" ><div id=\"panel-8-2-0-0\" class=\"so-panel widget widget_sow-editor panel-first-child\" data-index=\"2\" ><div class=\"kisa panel-widget-style panel-widget-style-for-8-2-0-0\" ><div\n\t\t\t\n\t\t\tclass=\"so-widget-sow-editor so-widget-sow-editor-base\"\n\t\t\t\n\t\t>\n<div class=\"siteorigin-widget-tinymce textwidget\">\n\t<h2>Mik\u00e4 on Stage26?<\/h2>\n<p>STAGE -kisa j\u00e4rjestettiin ensimm\u00e4isen kerran kev\u00e4\u00e4ll\u00e4 2025. Siihen osallistui 11 b\u00e4ndi\u00e4 Etel\u00e4-Kymenlaaksosta. Vuonna 2026 kilpailu laajenee koko Kymenlaakson alueelle, mukaan lukien koko Kouvolan seutu. Tapahtuman tarkoituksena on elvytt\u00e4\u00e4 ja yll\u00e4pit\u00e4\u00e4 Kymenlaakson b\u00e4nditoimintaa nuorten keskuudessa.<\/p>\n<p>Osallistuminen kilpailuun on tehty mahdollisimman helpoksi. Mik\u00e4li sinulta puuttuu b\u00e4ndi tai b\u00e4ndist\u00e4si soittaja, tule mukaan B\u00e4ndimarkkinat -tapahtumaan. Siell\u00e4 muodostetaan uusia yhtyeit\u00e4.<\/p>\n<p>Voit tulla my\u00f6s valmiin b\u00e4ndin kanssa mukaan jammailemaan ja osallistumaan kisaan!<\/p>\n<p>STAGE -tapahtuma osallistaa nuoria reiluun b\u00e4nditoimintaan ja rakentaa positiivista henke\u00e4 soittajien kesken!<\/p>\n<\/div>\n<\/div><\/div><\/div><div id=\"panel-8-2-0-1\" class=\"so-panel widget widget_sow-editor panel-last-child\" data-index=\"3\" ><div class=\"ilmoittautuminen panel-widget-style panel-widget-style-for-8-2-0-1\" ><div\n\t\t\t\n\t\t\tclass=\"so-widget-sow-editor so-widget-sow-editor-base\"\n\t\t\t\n\t\t>\n<div class=\"siteorigin-widget-tinymce textwidget\">\n\t<h2>Ilmoittautuminen<\/h2>\n<p>Ilmoittaudu mukaan STAGE -kisaan s\u00e4hk\u00f6postilla osoitteessa\u00a0<a href=\"mailto:stagekisa@gmail.com\" target=\"_blank\" rel=\"noopener\">stagekisa@gmail.com<\/a><\/p>\n<p>Ilmoita viestiss\u00e4 seuraavat tiedot:<\/p>\n<p>1. B\u00e4ndinimi<br \/>\n2. J\u00e4senten nimet ja i\u00e4t<br \/>\n3. Paikkakunta<br \/>\n4. Yhteyshenkil\u00f6n puhelinnumero ja s\u00e4hk\u00f6posti<br \/>\n5. Esitett\u00e4vien kappaleiden nimet ja tekij\u00e4t (korkeintaan kaksi kappaletta, yht. 10min)<\/p>\n<hr \/>\n<h2><b>Yhteystiedot<\/b><\/h2>\n<p>S\u00e4hk\u00f6posti <a href=\"mailto:stagekisa@gmail.com\" target=\"_blank\" rel=\"noopener\">stagekisa@gmail.com<\/a><\/p>\n<p>Harri Haase Set\u00e4l\u00e4 0500656273<\/p>\n<\/div>\n<\/div><\/div><\/div><\/div><\/div><div id=\"pgc-8-2-1\"  class=\"panel-grid-cell\" ><div class=\"panel-cell-style panel-cell-style-for-8-2-1\" ><div id=\"panel-8-2-1-0\" class=\"so-panel widget widget_sow-editor panel-first-child\" data-index=\"4\" ><div class=\"boksi2 panel-widget-style panel-widget-style-for-8-2-1-0\" ><div\n\t\t\t\n\t\t\tclass=\"so-widget-sow-editor so-widget-sow-editor-base\"\n\t\t\t\n\t\t>\n<div class=\"siteorigin-widget-tinymce textwidget\">\n\t<h2>B\u00e4ndimarkkinat<\/h2>\n<p>Tule mukaan STAGE:n ennakkotapahtumaan B\u00e4ndimarkkinoille jammailemaan muiden soittajien ja laulajien kanssa. T\u00e4\u00e4lt\u00e4 voit l\u00f6yt\u00e4\u00e4 itsellesi soittokaverit ja perustaa oman b\u00e4ndin!<\/p>\n<p><strong>Haminan B\u00e4ndimarkkinat<br \/>\n<\/strong>19.12.2025 Nuorisotalo Manski<\/p>\n<p><strong>Kotkan B\u00e4ndimarkkinat<br \/>\n<\/strong>16.1.2026 Yhteis\u00f6talo Messi<\/p>\n<p><strong>Kouvolan B\u00e4ndimarkkinat<br \/>\n<\/strong>tammikuu 2026 (aikataulu ilmoitetaan my\u00f6hemmin)<\/p>\n<\/div>\n<\/div><\/div><\/div><div id=\"panel-8-2-1-1\" class=\"so-panel widget widget_sow-editor\" data-index=\"5\" ><div class=\"boksi3 panel-widget-style panel-widget-style-for-8-2-1-1\" ><div\n\t\t\t\n\t\t\tclass=\"so-widget-sow-editor so-widget-sow-editor-base\"\n\t\t\t\n\t\t>\n<div class=\"siteorigin-widget-tinymce textwidget\">\n\t<h2>Kisan aikataulu<\/h2>\n<h3>Semifinaalit<\/h3>\n<p><strong>7.3.2026 Kouvola<\/strong><br \/>\nNuortenPaikka NuPa (Kouvolan alueen semifinaali)<\/p>\n<p><strong>14.3.2026 Kotka<\/strong><br \/>\nYhteis\u00f6talo Messi (Kotkan, Haminan ja Pyht\u00e4\u00e4n alueen semifinaali)<\/p>\n<hr \/>\n<h3>Finaali<\/h3>\n<h4>Huom. finaaliin voi osallistua vain alueesi semifinaalin kautta!<\/h4>\n<p><strong>16.5.2026 klo 12<br \/>\n<\/strong>Kotkan Satama Areena<\/p>\n<\/div>\n<\/div><\/div><\/div><div id=\"panel-8-2-1-2\" class=\"so-panel widget widget_sow-editor panel-last-child\" data-index=\"6\" ><div class=\"saannot panel-widget-style panel-widget-style-for-8-2-1-2\" ><div\n\t\t\t\n\t\t\tclass=\"so-widget-sow-editor so-widget-sow-editor-base\"\n\t\t\t\n\t\t>\n<div class=\"siteorigin-widget-tinymce textwidget\">\n\t<h2>S\u00e4\u00e4nn\u00f6t<\/h2>\n<p>Tutustu kisan s\u00e4\u00e4nt\u00f6ihin <a href=\"https:\/\/www.stagekisa.fi\/wp-content\/uploads\/2025\/11\/STAGE-26_saannot_vers1.pdf\">t\u00e4st\u00e4<\/a>.<\/p>\n<\/div>\n<\/div><\/div><\/div><\/div><\/div><\/div><\/div><div id=\"pg-8-3\"  class=\"panel-grid panel-has-style\" ><div class=\"siteorigin-panels-stretch panel-row-style panel-row-style-for-8-3\" data-stretch-type=\"full-width-stretch\" ><div id=\"pgc-8-3-0\"  class=\"panel-grid-cell\" ><div class=\"panel-cell-style panel-cell-style-for-8-3-0\" ><div id=\"panel-8-3-0-0\" class=\"so-panel widget widget_sow-editor panel-first-child panel-last-child\" data-index=\"7\" ><div class=\"logot panel-widget-style panel-widget-style-for-8-3-0-0\" ><div\n\t\t\t\n\t\t\tclass=\"so-widget-sow-editor so-widget-sow-editor-base\"\n\t\t\t\n\t\t>\n<div class=\"siteorigin-widget-tinymce textwidget\">\n\t<p><img loading=\"lazy\" decoding=\"async\" class=\"logot\" src=\"https:\/\/www.stagekisa.fi\/wp-content\/uploads\/2024\/09\/Logo7@4x-150x150.png\" alt=\"\" width=\"150\" height=\"150\" \/><img loading=\"lazy\" decoding=\"async\" class=\"logot\" src=\"https:\/\/www.stagekisa.fi\/wp-content\/uploads\/2024\/09\/Logo6@4x-150x150.png\" alt=\"\" width=\"150\" height=\"150\" \/> <img loading=\"lazy\" decoding=\"async\" class=\"logot\" src=\"https:\/\/www.stagekisa.fi\/wp-content\/uploads\/2024\/09\/Logo5@4x-150x150.png\" alt=\"\" width=\"150\" height=\"150\" \/><img loading=\"lazy\" decoding=\"async\" class=\"logot\" src=\"https:\/\/www.stagekisa.fi\/wp-content\/uploads\/2024\/09\/Logo4@4x-150x150.png\" alt=\"\" width=\"150\" height=\"150\" \/><img loading=\"lazy\" decoding=\"async\" class=\"logot\" src=\"https:\/\/www.stagekisa.fi\/wp-content\/uploads\/2024\/09\/Logo3@4x-150x150.png\" alt=\"\" width=\"150\" height=\"150\" \/><img loading=\"lazy\" decoding=\"async\" class=\"logot\" src=\"https:\/\/www.stagekisa.fi\/wp-content\/uploads\/2024\/09\/Logo2@4x-150x150.png\" alt=\"\" width=\"150\" height=\"150\" \/><img loading=\"lazy\" decoding=\"async\" class=\"logot\" src=\"https:\/\/www.stagekisa.fi\/wp-content\/uploads\/2025\/11\/hamina-150x150.png\" alt=\"\" width=\"150\" height=\"150\" \/><img loading=\"lazy\" decoding=\"async\" class=\"logot\" src=\"https:\/\/www.stagekisa.fi\/wp-content\/uploads\/2025\/11\/kouvola@2x-150x150.png\" alt=\"\" width=\"150\" height=\"150\" \/><img loading=\"lazy\" decoding=\"async\" class=\"logot\" src=\"https:\/\/www.stagekisa.fi\/wp-content\/uploads\/2025\/11\/Kotka-logo_valk-tausta_suoja-alue-150x150.jpg\" alt=\"\" width=\"150\" height=\"150\" \/><\/p>\n<\/div>\n<\/div><\/div><\/div><\/div><\/div><\/div><\/div><\/div>","protected":false},"excerpt":{"rendered":"<p>STAGE 26 on Kymenlaakson yl\u00e4kouluik\u00e4isille tarkoitettu b\u00e4ndikisa, jonka finaali j\u00e4rjestet\u00e4\u00e4n Kotkan Satama Areenalla 16.5.2026. Palkinnot: 1. sija 1000e 2. sija 500e 3. sija 300e Osallistuminen kisaan on maksutonta. Perusta b\u00e4ndi ja tule mukaan lavalle soittamaan! Tutustu kisan s\u00e4\u00e4nt\u00f6ihin t\u00e4st\u00e4.<\/p>\n","protected":false},"author":1,"featured_media":0,"parent":0,"menu_order":0,"comment_status":"closed","ping_status":"closed","template":"","meta":{"footnotes":""},"class_list":["post-8","page","type-page","status-publish","hentry","post"],"_links":{"self":[{"href":"https:\/\/www.stagekisa.fi\/index.php?rest_route=\/wp\/v2\/pages\/8","targetHints":{"allow":["GET"]}}],"collection":[{"href":"https:\/\/www.stagekisa.fi\/index.php?rest_route=\/wp\/v2\/pages"}],"about":[{"href":"https:\/\/www.stagekisa.fi\/index.php?rest_route=\/wp\/v2\/types\/page"}],"author":[{"embeddable":true,"href":"https:\/\/www.stagekisa.fi\/index.php?rest_route=\/wp\/v2\/users\/1"}],"replies":[{"embeddable":true,"href":"https:\/\/www.stagekisa.fi\/index.php?rest_route=%2Fwp%2Fv2%2Fcomments&post=8"}],"version-history":[{"count":305,"href":"https:\/\/www.stagekisa.fi\/index.php?rest_route=\/wp\/v2\/pages\/8\/revisions"}],"predecessor-version":[{"id":352,"href":"https:\/\/www.stagekisa.fi\/index.php?rest_route=\/wp\/v2\/pages\/8\/revisions\/352"}],"wp:attachment":[{"href":"https:\/\/www.stagekisa.fi\/index.php?rest_route=%2Fwp%2Fv2%2Fmedia&parent=8"}],"curies":[{"name":"wp","href":"https:\/\/api.w.org\/{rel}","templated":true}]}}